{"id":30,"date":"2019-03-19T13:12:43","date_gmt":"2019-03-19T13:12:43","guid":{"rendered":"https:\/\/smartdonate.ch\/beta-web\/?page_id=30"},"modified":"2021-12-20T15:42:47","modified_gmt":"2021-12-20T14:42:47","slug":"home","status":"publish","type":"page","link":"https:\/\/smartdonate.ch\/de-ch\/","title":{"rendered":"Home"},"content":{"rendered":"<p>[vc_row][vc_column][vc_column_text]<strong>SmartDonate macht Pause<\/strong><\/p>\n<p>SmartDonate wurde 2017 gegr\u00fcndet mit der Vision, eine digitale Spendenplattform f\u00fcr die Schweiz aufzubauen: alles in einer App statt von Bettelbriefen \u00fcberquellende Briefk\u00e4sten und l\u00e4stiges Sammeln von Spendenquittungen f\u00fcr die Steuererkl\u00e4rung.<\/p>\n<p>Was wir mit SmartDonate erreichen wollten:[\/vc_column_text][\/vc_column][\/vc_row][vc_row][vc_column width=&#8221;1\/4&#8243;][\/vc_column][vc_column width=&#8221;1\/4&#8243;][vc_single_image media=&#8221;573&#8243; media_width_use_pixel=&#8221;yes&#8221; alignment=&#8221;center&#8221; media_width_pixel=&#8221;180&#8243; media_link=&#8221;url:%2Fwp-content%2Fuploads%2Fsites%2F2%2F2020%2F09%2FWhitepaper_de.pdf||target:%20_blank|&#8221;][\/vc_column][vc_column width=&#8221;1\/4&#8243;][vc_single_image media=&#8221;572&#8243; media_width_use_pixel=&#8221;yes&#8221; alignment=&#8221;center&#8221; media_width_pixel=&#8221;180&#8243; media_link=&#8221;url:https%3A%2F%2Fsmartdonate.ch%2Fwp-content%2Fuploads%2Fsites%2F3%2F2020%2F09%2FWhitepaper_en.pdf|target:_blank&#8221;][\/vc_column][vc_column width=&#8221;1\/4&#8243;][\/vc_column][\/vc_row][vc_row][vc_column width=&#8221;1\/1&#8243;][vc_column_text]Im Jahr 2021 &#8211; unterdessen waren mehrere neue Plattformen mit \u00e4hnlichem Ziel an den Start gegangen &#8211; haben wir uns entschieden, eine Pause einzulegen. Ob wir mit SmartDonate in einer \u00e4hnlichen oder ganz anderen Form einen Neustart wagen, ist im Moment noch offen.<\/p>\n<p>Wir danken den vielen Spendern, die mit SmartDonate ihre Spenden get\u00e4tigt haben und allen grossen und kleinen Hilfswerken, die von Anfang an von unserem Angebot \u00fcberzeugt waren und auf SmartDonate eine digitale Pr\u00e4senz aufgebaut hatten.<\/p>\n<p>&nbsp;<\/p>\n<p><style>\n\t\t\tdiv.sp-logo-carousel-pro-section div#sp-logo-carousel-pro69e581c63dce6 .sp-lcp-item img{\n\t\t\t\topacity: 1 !important;\n\t\t\t}\t\n\t\t\tdiv.sp-logo-carousel-pro-section div#sp-logo-carousel-pro69e581c63dce6 .sp-lcp-item:hover img{\n\t\t\t\topacity: 1 !important;\n\t\t\t}\t\n\t\t\tdiv#sp-logo-carousel-pro69e581c63dce6.sp-logo-carousel-pro-area .sp-lcp-item .sp-lcp-item-border,\n\t\t\tdiv#sp-logo-carousel-pro69e581c63dce6.sp-logo-carousel-pro-area .sp-lcp-item.sp-lcp-item-border{\n\t\t\t\tpadding: 0px;\n\t\t\t\tbackground: transparent;\n\t\t\t}\n\t\t\tdiv#sp-logo-carousel-pro69e581c63dce6.sp-logo-carousel-pro-area .sp-lcp-item:hover .sp-lcp-item-border,\n\t\t\tdiv#sp-logo-carousel-pro69e581c63dce6.sp-logo-carousel-pro-area .sp-lcp-item:hover.sp-lcp-item-border{\n\t\t\t\tbackground: rgba(129,215,66,0.01);\n\t\t\t}\n\t\t\tdiv.sp-logo-carousel-pro-section.layout-carousel div#sp-logo-carousel-pro69e581c63dce6 .slick-slide {\n\t\t\t\tfloat: none !important;\n\t\t\t\tdisplay: inline-block;\n\t\t\t\tvertical-align: middle;\n\t\t\t}\n\t\t\tdiv.sp-logo-carousel-pro-section div#sp-logo-carousel-pro69e581c63dce6 [class*=\"lcp-col\"]{\n\t\t\t\tvertical-align: middle;\n\t\t\t\tmargin: 0;\n\t\t\t\tbox-shadow: none;\n\t\t\t}.sp-logo-carousel-pro-section #sp-logo-carousel-pro69e581c63dce6 .sp-lcpro-readmore-area{\n\t\t\t\t\ttext-align: center;\n\t\t\t\t}\n\t\t\t\t.sp-logo-carousel-pro-section #sp-logo-carousel-pro69e581c63dce6 .sp-lcpro-readmore-area .sp-lcpro-readmore{\n\t\t\t\t\tbackground: transparent;\n\t\t\t\t\tcolor: #05b3c6;\n\t\t\t\t\tpadding: 5px 13px;\n\t\t\t\t\tmargin-bottom: 18px;\n\t\t\t\t\tdisplay: inline-block;\n\t\t\t\t\tborder-radius: 2px;\n\t\t\t\t\tborder: 2px solid #05b3c6 !important;\n\t\t\t\t\tfont-size: 14px;font-family: Ubuntu;\n\t\t\t\t\t\tfont-style: normal; font-weight: 400;line-height:20px;\n\t\t\t\t\tletter-spacing: normal;\n\t\t\t\t\ttext-transform: none;\n\t\t\t\t}\n\t\t\t\t.sp-logo-carousel-pro-section #sp-logo-carousel-pro69e581c63dce6 .sp-lcpro-readmore-area .sp-lcpro-readmore:hover{\n\t\t\t\t\tbackground: #05b3c6;\n\t\t\t\t\tcolor: #ffffff;\n\t\t\t\t\tborder: 2px solid #05b3c6 !important;\n\t\t\t\t}div.sp-logo-section-id-69e581c63dce6 .bx-viewport.bx-viewport { height: auto !important; }\n\t\t\t\t.layout-inline #sp-logo-carousel-pro69e581c63dce6.lcp-container{\n\t\t\t\t\tpadding-right: 0px;\n\t\t\t\t}\n\t\t\t\tdiv#sp-logo-carousel-pro69e581c63dce6.sp-logo-carousel-pro-area .sp-lcp-item .sp-lcp-item-border,\n\t\t\t\tdiv#sp-logo-carousel-pro69e581c63dce6.sp-logo-carousel-pro-area .sp-lcp-item.sp-lcp-item-border{\n\t\t\t\t\tborder: 0px solid #dddddd;\n\t\t\t\t}\n\t\t\t\t.layout-inline #sp-logo-carousel-pro69e581c63dce6.sp-logo-carousel-pro-area .sp-lcp-item .sp-lcp-item-border,\n\t\t\t\t.layout-inline #sp-logo-carousel-pro69e581c63dce6.sp-logo-carousel-pro-area .sp-lcp-item.sp-lcp-item-border{\n\t\t\t\t\tmargin: 0 -0px -0px 0;\n\t\t\t\t}\n\t\t\t\tdiv#sp-logo-carousel-pro69e581c63dce6.sp-logo-carousel-pro-area .sp-lcp-item:hover .sp-lcp-item-border,\n\t\t\t\tdiv#sp-logo-carousel-pro69e581c63dce6.sp-logo-carousel-pro-area .sp-lcp-item:hover.sp-lcp-item-border{\n\t\t\t\t\tborder-color: #dddddd;\n\t\t\t\t}\n\t\t\t\tdiv#sp-logo-carousel-pro69e581c63dce6.sp-logo-carousel-pro-area .sp-lcp-item .sp-lcp-item-border,\n\t\t\t\tdiv#sp-logo-carousel-pro69e581c63dce6.sp-logo-carousel-pro-area .sp-lcp-item.sp-lcp-item-border{\n\t\t\t\t\tborder-radius: 0px;\n\t\t\t\t\tz-index: 1;\n\t\t\t\t\toverflow: hidden;\n\t\t\t\t}\n\t\t\t\t\tdiv#sp-logo-carousel-pro69e581c63dce6.sp-logo-carousel-pro-area .sp-lcp-item{\n\t\t\t\t\tmargin: 0;\n\t\t\t\t\tfloat: none !important;\n\t\t\t\t\tdisplay: inline-block;\n\t\t\t\t\tvertical-align: middle;}div.sp-logo-carousel-pro-section div#sp-logo-carousel-pro69e581c63dce6 [class*=\"lcp-col\"]{\n\t\t\t\t\tmargin: 0;\n\t\t\t\t\tbox-shadow: none;\n\t\t\t\t}\n\t\t\t\tdiv.sp-logo-carousel-pro-section.layout-grid div#sp-logo-carousel-pro69e581c63dce6.sp-logo-carousel-pro-area [class*=\"lcp-col\"],\n\t\t\t\tdiv.sp-logo-carousel-pro-section.layout-filter div#sp-logo-carousel-pro69e581c63dce6.sp-logo-carousel-pro-area [class*=\"lcp-col\"]{\n\t\t\t\t\tpadding-left: 30px;\n\t\t\t\t\tpadding-right: 30px;\n\t\t\t\t\tpadding-bottom: 60px;\n\t\t\t\t}\n\t\t\t\tdiv.sp-logo-carousel-pro-section.layout-grid div#sp-logo-carousel-pro69e581c63dce6.sp-logo-carousel-pro-area.lcp-container,\n\t\t\t\tdiv.sp-logo-carousel-pro-section.layout-filter div#sp-logo-carousel-pro69e581c63dce6.sp-logo-carousel-pro-area.lcp-container{\n\t\t\t\t\tmargin-left: -30px;\n\t\t\t\t\tmargin-right: -30px;\n\t\t\t\t\tmargin-bottom: -60px;\n\t\t\t\t}\n\t\t\t\t\n\t\t.tooltipster-sidetip.sp-logo-carousel-pro69e581c63dce6style .tooltipster-box{\n\t\t\tbackground: #000000;\n\t\t\tborder: 2px solid #000000;\n\t\t}\n\t\t.tooltipster-sidetip.sp-logo-carousel-pro69e581c63dce6style.tooltipster-bottom .tooltipster-arrow-background,\n\t\t.tooltipster-sidetip.sp-logo-carousel-pro69e581c63dce6style.tooltipster-bottom .tooltipster-arrow-border {\n\t\t\tborder-bottom-color: #000000;\n\t\t}\n\t\t\n\t\t.tooltipster-sidetip.sp-logo-carousel-pro69e581c63dce6style.tooltipster-left .tooltipster-arrow-background,\n\t\t.tooltipster-sidetip.sp-logo-carousel-pro69e581c63dce6style.tooltipster-left .tooltipster-arrow-border {\n\t\t\tborder-left-color: #000000;\n\t\t}\n\t\t.tooltipster-sidetip.sp-logo-carousel-pro69e581c63dce6style.tooltipster-right .tooltipster-arrow-background,\n\t\t.tooltipster-sidetip.sp-logo-carousel-pro69e581c63dce6style.tooltipster-right .tooltipster-arrow-border {\n\t\t\tborder-right-color: #000000;\n\t\t}\n\t\t.tooltipster-sidetip.sp-logo-carousel-pro69e581c63dce6style.tooltipster-top .tooltipster-arrow-background,\n\t\t.tooltipster-sidetip.sp-logo-carousel-pro69e581c63dce6style.tooltipster-top .tooltipster-arrow-border {\n\t\t\tborder-top-color: #000000;\n\t\t}\n\t\t.tooltipster-sidetip.sp-logo-carousel-pro69e581c63dce6style .tooltipster-box .tooltipster-content {\n\t\t\tcolor: #ffffff;\n\t\t}\n\t\t\t\t.sp-logo-carousel-pro-section.sp-lcpro-id-527{\n\t\t\t\t\tposition: relative;\n\t\t\t\t}\n\t\t\t\t#lcp-preloader-527{\n\t\t\t\t\tposition: absolute;\n\t\t\t\t\tleft: 0;\n\t\t\t\t\ttop: 0;\n\t\t\t\t\theight: 100%;\n\t\t\t\t\twidth: 100%;\n\t\t\t\t\ttext-align: center;\n\t\t\t\t\tdisplay: flex;\n\t\t\t\t\talign-items: center;\n\t\t\t\t\tjustify-content: center;\n\t\t\t\t\tbackground: #fff;\n\t\t\t\t\tz-index: 9999;\n\t\t\t\t}\n\t\t\t\t<\/style><div class=\"sp-logo-carousel-pro-section layout-carousel sp-lcpro-id-527 sp-logo-section-id-69e581c63dce6 nav_position_top_right title_position_bottom sp-lcpro-clear lcp_horizontal\"><div class=\"sp-lcp-tooltip-conf\" data-animation=\"fade\" data-side=\"top\" data-maxwidth=\"220\"><\/div><div id=\"lcp-preloader-527\" class=\"sp-logo-carousel-pro-preloader\"><img src=\" https:\/\/smartdonate.ch\/de-ch\/wp-content\/plugins\/logo-carousel-pro\/public\/assets\/css\/images\/bx_loader.gif \"\/><\/div><div id=\"sp-logo-carousel-pro69e581c63dce6\" class=\"sp-logo-carousel-pro-area lcp-preloader mode_ticker splcp-ttip\" data-minslide=\"1\" data-maxslide=\"5\" data-slidewidth=\"180\" data-slidemargin=\"60\" data-speed=\"15000\" data-mode=\"horizontal\" data-direction=\"next\" data-tickerhover=\"true\"><div class=\"sp-lcp-item text-center\"><div class=\"sp-lcp-item-border sp-lcp-tooltip\" title=\"Pro Juventute\"><div class=\"sp-lcp-logo-wrapper\"><a target=\"_blank\" href=\"https:\/\/www.projuventute.ch\"  ><img src=\"https:\/\/smartdonate.ch\/de-ch\/wp-content\/uploads\/sites\/2\/2020\/11\/logo_projuv.png\" alt=\"Pro Juventute\" ><\/a><\/div><\/div><\/div><div class=\"sp-lcp-item text-center\"><div class=\"sp-lcp-item-border sp-lcp-tooltip\" title=\"Souls of Rock Foundation\"><div class=\"sp-lcp-logo-wrapper\"><a target=\"_blank\" href=\"https:\/\/soulsofrock-foundation.com\/\"  ><img src=\"https:\/\/smartdonate.ch\/de-ch\/wp-content\/uploads\/sites\/2\/2020\/11\/souls_of_rock.png\" alt=\"Souls of Rock Foundation\" ><\/a><\/div><\/div><\/div><div class=\"sp-lcp-item text-center\"><div class=\"sp-lcp-item-border sp-lcp-tooltip\" title=\"Caritas beider Basel\"><div class=\"sp-lcp-logo-wrapper\"><a target=\"_blank\" href=\"https:\/\/www.caritas-beider-basel.ch\/\"  ><img src=\"https:\/\/smartdonate.ch\/de-ch\/wp-content\/uploads\/sites\/2\/2020\/11\/caritas_basel.png\" alt=\"Caritas beider Basel\" ><\/a><\/div><\/div><\/div><div class=\"sp-lcp-item text-center\"><div class=\"sp-lcp-item-border sp-lcp-tooltip\" title=\"Medair\"><div class=\"sp-lcp-logo-wrapper\"><a target=\"_blank\" href=\"https:\/\/www.medair.org\/\"  ><img src=\"https:\/\/smartdonate.ch\/de-ch\/wp-content\/uploads\/sites\/2\/2020\/11\/logo_medair.png\" alt=\"Medair\" ><\/a><\/div><\/div><\/div><div class=\"sp-lcp-item text-center\"><div class=\"sp-lcp-item-border sp-lcp-tooltip\" title=\"Terre des Hommes Schweiz\"><div class=\"sp-lcp-logo-wrapper\"><a target=\"_blank\" href=\"https:\/\/www.terredeshommesschweiz.ch\/\"  ><img src=\"https:\/\/smartdonate.ch\/de-ch\/wp-content\/uploads\/sites\/2\/2020\/11\/terre_des_hommes_ch.png\" alt=\"Terre des Hommes Schweiz\" ><\/a><\/div><\/div><\/div><div class=\"sp-lcp-item text-center\"><div class=\"sp-lcp-item-border sp-lcp-tooltip\" title=\"Aiducation\"><div class=\"sp-lcp-logo-wrapper\"><a target=\"_blank\" href=\"http:\/\/www.aiducation.org\/\"  ><img src=\"https:\/\/smartdonate.ch\/de-ch\/wp-content\/uploads\/sites\/2\/2020\/11\/logo_aidu.png\" alt=\"Aiducation\" ><\/a><\/div><\/div><\/div><div class=\"sp-lcp-item text-center\"><div class=\"sp-lcp-item-border sp-lcp-tooltip\" title=\"Selam\"><div class=\"sp-lcp-logo-wrapper\"><a target=\"_blank\" href=\"https:\/\/selam.ch\/\"  ><img src=\"https:\/\/smartdonate.ch\/de-ch\/wp-content\/uploads\/sites\/2\/2020\/11\/logo_selam.png\" alt=\"Selam\" ><\/a><\/div><\/div><\/div><div class=\"sp-lcp-item text-center\"><div class=\"sp-lcp-item-border sp-lcp-tooltip\" title=\"Tanne\"><div class=\"sp-lcp-logo-wrapper\"><a target=\"_blank\" href=\"https:\/\/www.tanne.ch\/\"  ><img src=\"https:\/\/smartdonate.ch\/de-ch\/wp-content\/uploads\/sites\/2\/2020\/11\/tanne.png\" alt=\"Tanne\" ><\/a><\/div><\/div><\/div><\/div><\/div>[\/vc_column_text][\/vc_column][\/vc_row][vc_row][vc_column][vc_empty_space empty_h=&#8221;2&#8243;][\/vc_column][\/vc_row]<\/p>\n","protected":false},"excerpt":{"rendered":"<p>[vc_row][vc_column][vc_column_text]SmartDonate macht Pause SmartDonate wurde 2017 gegr\u00fcndet mit der Vision, eine digitale Spendenplattform f\u00fcr die Schweiz aufzubauen: alles in einer [&hellip;]<\/p>\n","protected":false},"author":1,"featured_media":0,"parent":0,"menu_order":0,"comment_status":"closed","ping_status":"closed","template":"","meta":{"_monsterinsights_skip_tracking":false,"_monsterinsights_sitenote_active":false,"_monsterinsights_sitenote_note":"","_monsterinsights_sitenote_category":0},"_links":{"self":[{"href":"https:\/\/smartdonate.ch\/de-ch\/wp-json\/wp\/v2\/pages\/30"}],"collection":[{"href":"https:\/\/smartdonate.ch\/de-ch\/wp-json\/wp\/v2\/pages"}],"about":[{"href":"https:\/\/smartdonate.ch\/de-ch\/wp-json\/wp\/v2\/types\/page"}],"author":[{"embeddable":true,"href":"https:\/\/smartdonate.ch\/de-ch\/wp-json\/wp\/v2\/users\/1"}],"replies":[{"embeddable":true,"href":"https:\/\/smartdonate.ch\/de-ch\/wp-json\/wp\/v2\/comments?post=30"}],"version-history":[{"count":42,"href":"https:\/\/smartdonate.ch\/de-ch\/wp-json\/wp\/v2\/pages\/30\/revisions"}],"predecessor-version":[{"id":586,"href":"https:\/\/smartdonate.ch\/de-ch\/wp-json\/wp\/v2\/pages\/30\/revisions\/586"}],"wp:attachment":[{"href":"https:\/\/smartdonate.ch\/de-ch\/wp-json\/wp\/v2\/media?parent=30"}],"curies":[{"name":"wp","href":"https:\/\/api.w.org\/{rel}","templated":true}]}}